{"id":872,"date":"2022-05-11T16:37:11","date_gmt":"2022-05-11T14:37:11","guid":{"rendered":"https:\/\/nonnabazaar.com\/press-room\/"},"modified":"2025-05-15T14:03:39","modified_gmt":"2025-05-15T12:03:39","slug":"prensa","status":"publish","type":"page","link":"https:\/\/nonnabazaar.com\/es\/prensa\/","title":{"rendered":"Prensa"},"content":{"rendered":"<section class=\"l-section wpb_row us_custom_76db5011 height_auto\" id=\"hdMd\"><div class=\"l-section-h i-cf\"><div class=\"g-cols vc_row via_grid cols_1 laptops-cols_inherit tablets-cols_inherit mobiles-cols_1 valign_top type_default stacking_default\"><div class=\"wpb_column vc_column_container\"><div class=\"vc_column-inner\"><div class=\"wpb_text_column\"><div class=\"wpb_wrapper\"><h1 style=\"text-align: center;\">Prensa<\/h1>\n<\/div><\/div><div class=\"w-btn-wrapper align_none\"><a class=\"w-btn us-btn-style_1 icon_atleft\" title=\"Home\" href=\"http:\/\/nonnabazaar.com\/es\/\"><i class=\"fas fa-arrow-left\"><\/i><span class=\"w-btn-label\">Atr\u00e1s<\/span><\/a><\/div><\/div><\/div><\/div><\/div><\/section><section class=\"l-section wpb_row height_medium\" id=\"txtMd\"><div class=\"l-section-h i-cf\"><div class=\"g-cols vc_row via_grid cols_1 laptops-cols_inherit tablets-cols_inherit mobiles-cols_1 valign_top type_default stacking_default\"><div class=\"wpb_column vc_column_container\"><div class=\"vc_column-inner\"><div class=\"wpb_text_column\"><div class=\"wpb_wrapper\"><p>Bienvenido a nuestra Sala de Prensa.<\/p>\n<\/div><\/div><\/div><\/div><\/div><\/div><\/section><section class=\"l-section wpb_row height_medium\" id=\"prssMd\"><div class=\"l-section-h i-cf\"><div class=\"g-cols vc_row via_grid cols_2-1 laptops-cols_inherit tablets-cols_inherit mobiles-cols_1 valign_top type_default stacking_default\"><div class=\"wpb_column vc_column_container btnCol\"><div class=\"vc_column-inner\"><div class=\"wpb_text_column\"><div class=\"wpb_wrapper\"><p>A continuaci\u00f3n encontrar\u00e1s la informaci\u00f3n m\u00e1s reciente sobre Nonna Bazaar,<br \/>\nincluidos nuestros comunicados de prensa y fotograf\u00edas oficiales.<\/p>\n<\/div><\/div><div class=\"w-btn-wrapper align_none\"><a class=\"w-btn us-btn-style_1 icon_atright\" target=\"_blank\" href=\"https:\/\/zannier.sharepoint.com\/:f:\/s\/External\/Eif5vw-hfxRPiKdJ9dhaNj8BMVLmcLdj75xERlnXzgWRUw?e=6JBgKD\" rel=\"noopener\"><span class=\"w-btn-label\">\u00daltimos comunicados de prensa<\/span><i class=\"fas fa-chevron-right\"><\/i><\/a><\/div><div class=\"w-btn-wrapper align_none\"><a class=\"w-btn us-btn-style_1 icon_atright\" target=\"_blank\" href=\"https:\/\/zannier.sharepoint.com\/:f:\/s\/External\/EmoegzbmgFFAiWeZgnRGGS0BrAgW9B1Faozn_pzKk8vKjA?e=EGv5rX\" rel=\"noopener\"><span class=\"w-btn-label\">Accede a las im\u00e1genes<\/span><i class=\"fas fa-chevron-right\"><\/i><\/a><\/div><div class=\"w-btn-wrapper align_none\"><a class=\"w-btn us-btn-style_1 icon_atright\" target=\"_blank\" href=\"https:\/\/zannier.sharepoint.com\/:f:\/s\/External\/ErqMSIeXvGBEsdcXWQlI8WkB8BfO-EzCyXsDHy9-wy1O1g?e=jjL3hf\" rel=\"noopener\"><span class=\"w-btn-label\">Descarga el folleto<\/span><i class=\"fas fa-chevron-right\"><\/i><\/a><\/div><div class=\"w-btn-wrapper align_none\"><a class=\"w-btn us-btn-style_1 icon_atright\" target=\"_blank\" href=\"https:\/\/zannier.sharepoint.com\/:f:\/s\/External\/EmLjE1KMNMNFt9aQ7yaXx84BNzLxxa8S_FfEbQ97aoRmaQ?e=TA7iGP\" rel=\"noopener\"><span class=\"w-btn-label\">Descarga el men\u00fa<\/span><i class=\"fas fa-chevron-right\"><\/i><\/a><\/div><\/div><\/div><div class=\"wpb_column vc_column_container\"><div class=\"vc_column-inner\"><div class=\"wpb_text_column\"><div class=\"wpb_wrapper\"><p>Si tienes alguna pregunta, deseas organizar o solicitar fotograf\u00edas adicionales, no dudes en ponerse en contacto con:<\/p>\n<p><strong>Quentin GUIRAUD<\/strong><br \/>\nPR &amp; Communication Manager<\/p>\n<p><a href=\"mailto:qguiraud@zannier.com\">qguiraud@zannier.com<\/a><\/p>\n<\/div><\/div><\/div><\/div><\/div><\/div><\/section>\n","protected":false},"excerpt":{"rendered":"Prensa Atr\u00e1sBienvenido a nuestra Sala de Prensa. A continuaci\u00f3n encontrar\u00e1s la informaci\u00f3n m\u00e1s reciente sobre Nonna Bazaar, incluidos nuestros comunicados de prensa y fotograf\u00edas oficiales. \u00daltimos comunicados de prensaAccede a las im\u00e1genesDescarga el folletoDescarga el men\u00faSi tienes alguna pregunta, deseas organizar o solicitar fotograf\u00edas adicionales, no dudes en ponerse en contacto con: Quentin GUIRAUD PR...","protected":false},"author":1,"featured_media":0,"parent":0,"menu_order":0,"comment_status":"closed","ping_status":"closed","template":"","meta":{"footnotes":""},"class_list":["post-872","page","type-page","status-publish","hentry"],"yoast_head":"<!-- This site is optimized with the Yoast SEO plugin v25.5 - https:\/\/yoast.com\/wordpress\/plugins\/seo\/ -->\n<title>Prensa - Nonna Bazaar<\/title>\n<meta name=\"description\" content=\"Download all digital resources and find the latest information about Nonna Bazaar, including our press releases and official pictures.\" \/>\n<meta name=\"robots\" content=\"index, follow, max-snippet:-1, max-image-preview:large, max-video-preview:-1\" \/>\n<link rel=\"canonical\" href=\"https:\/\/nonnabazaar.com\/es\/prensa\/\" \/>\n<meta property=\"og:locale\" content=\"es_ES\" \/>\n<meta property=\"og:type\" content=\"article\" \/>\n<meta property=\"og:title\" content=\"Prensa - Nonna Bazaar\" \/>\n<meta property=\"og:description\" content=\"Download all digital resources and find the latest information about Nonna Bazaar, including our press releases and official pictures.\" \/>\n<meta property=\"og:url\" content=\"https:\/\/nonnabazaar.com\/es\/prensa\/\" \/>\n<meta property=\"og:site_name\" content=\"Nonna Bazaar\" \/>\n<meta property=\"article:modified_time\" content=\"2025-05-15T12:03:39+00:00\" \/>\n<meta name=\"twitter:card\" content=\"summary_large_image\" \/>\n<meta name=\"twitter:label1\" content=\"Tiempo de lectura\" \/>\n\t<meta name=\"twitter:data1\" content=\"1 minuto\" \/>\n<script type=\"application\/ld+json\" class=\"yoast-schema-graph\">{\"@context\":\"https:\/\/schema.org\",\"@graph\":[{\"@type\":\"WebPage\",\"@id\":\"https:\/\/nonnabazaar.com\/es\/prensa\/\",\"url\":\"https:\/\/nonnabazaar.com\/es\/prensa\/\",\"name\":\"Prensa - Nonna Bazaar\",\"isPartOf\":{\"@id\":\"https:\/\/nonnabazaar.com\/es\/#website\"},\"datePublished\":\"2022-05-11T14:37:11+00:00\",\"dateModified\":\"2025-05-15T12:03:39+00:00\",\"description\":\"Download all digital resources and find the latest information about Nonna Bazaar, including our press releases and official pictures.\",\"breadcrumb\":{\"@id\":\"https:\/\/nonnabazaar.com\/es\/prensa\/#breadcrumb\"},\"inLanguage\":\"es\",\"potentialAction\":[{\"@type\":\"ReadAction\",\"target\":[\"https:\/\/nonnabazaar.com\/es\/prensa\/\"]}]},{\"@type\":\"BreadcrumbList\",\"@id\":\"https:\/\/nonnabazaar.com\/es\/prensa\/#breadcrumb\",\"itemListElement\":[{\"@type\":\"ListItem\",\"position\":1,\"name\":\"Home\",\"item\":\"https:\/\/nonnabazaar.com\/es\/?page_id=859\"},{\"@type\":\"ListItem\",\"position\":2,\"name\":\"Prensa\"}]},{\"@type\":\"WebSite\",\"@id\":\"https:\/\/nonnabazaar.com\/es\/#website\",\"url\":\"https:\/\/nonnabazaar.com\/es\/\",\"name\":\"Nonna Bazaar\",\"description\":\"Upbeat Mediterranean Restaurant\",\"potentialAction\":[{\"@type\":\"SearchAction\",\"target\":{\"@type\":\"EntryPoint\",\"urlTemplate\":\"https:\/\/nonnabazaar.com\/es\/?s={search_term_string}\"},\"query-input\":{\"@type\":\"PropertyValueSpecification\",\"valueRequired\":true,\"valueName\":\"search_term_string\"}}],\"inLanguage\":\"es\"}]}<\/script>\n<!-- \/ Yoast SEO plugin. -->","yoast_head_json":{"title":"Prensa - Nonna Bazaar","description":"Download all digital resources and find the latest information about Nonna Bazaar, including our press releases and official pictures.","robots":{"index":"index","follow":"follow","max-snippet":"max-snippet:-1","max-image-preview":"max-image-preview:large","max-video-preview":"max-video-preview:-1"},"canonical":"https:\/\/nonnabazaar.com\/es\/prensa\/","og_locale":"es_ES","og_type":"article","og_title":"Prensa - Nonna Bazaar","og_description":"Download all digital resources and find the latest information about Nonna Bazaar, including our press releases and official pictures.","og_url":"https:\/\/nonnabazaar.com\/es\/prensa\/","og_site_name":"Nonna Bazaar","article_modified_time":"2025-05-15T12:03:39+00:00","twitter_card":"summary_large_image","twitter_misc":{"Tiempo de lectura":"1 minuto"},"schema":{"@context":"https:\/\/schema.org","@graph":[{"@type":"WebPage","@id":"https:\/\/nonnabazaar.com\/es\/prensa\/","url":"https:\/\/nonnabazaar.com\/es\/prensa\/","name":"Prensa - Nonna Bazaar","isPartOf":{"@id":"https:\/\/nonnabazaar.com\/es\/#website"},"datePublished":"2022-05-11T14:37:11+00:00","dateModified":"2025-05-15T12:03:39+00:00","description":"Download all digital resources and find the latest information about Nonna Bazaar, including our press releases and official pictures.","breadcrumb":{"@id":"https:\/\/nonnabazaar.com\/es\/prensa\/#breadcrumb"},"inLanguage":"es","potentialAction":[{"@type":"ReadAction","target":["https:\/\/nonnabazaar.com\/es\/prensa\/"]}]},{"@type":"BreadcrumbList","@id":"https:\/\/nonnabazaar.com\/es\/prensa\/#breadcrumb","itemListElement":[{"@type":"ListItem","position":1,"name":"Home","item":"https:\/\/nonnabazaar.com\/es\/?page_id=859"},{"@type":"ListItem","position":2,"name":"Prensa"}]},{"@type":"WebSite","@id":"https:\/\/nonnabazaar.com\/es\/#website","url":"https:\/\/nonnabazaar.com\/es\/","name":"Nonna Bazaar","description":"Upbeat Mediterranean Restaurant","potentialAction":[{"@type":"SearchAction","target":{"@type":"EntryPoint","urlTemplate":"https:\/\/nonnabazaar.com\/es\/?s={search_term_string}"},"query-input":{"@type":"PropertyValueSpecification","valueRequired":true,"valueName":"search_term_string"}}],"inLanguage":"es"}]}},"_links":{"self":[{"href":"https:\/\/nonnabazaar.com\/es\/wp-json\/wp\/v2\/pages\/872","targetHints":{"allow":["GET"]}}],"collection":[{"href":"https:\/\/nonnabazaar.com\/es\/wp-json\/wp\/v2\/pages"}],"about":[{"href":"https:\/\/nonnabazaar.com\/es\/wp-json\/wp\/v2\/types\/page"}],"author":[{"embeddable":true,"href":"https:\/\/nonnabazaar.com\/es\/wp-json\/wp\/v2\/users\/1"}],"replies":[{"embeddable":true,"href":"https:\/\/nonnabazaar.com\/es\/wp-json\/wp\/v2\/comments?post=872"}],"version-history":[{"count":3,"href":"https:\/\/nonnabazaar.com\/es\/wp-json\/wp\/v2\/pages\/872\/revisions"}],"predecessor-version":[{"id":986,"href":"https:\/\/nonnabazaar.com\/es\/wp-json\/wp\/v2\/pages\/872\/revisions\/986"}],"wp:attachment":[{"href":"https:\/\/nonnabazaar.com\/es\/wp-json\/wp\/v2\/media?parent=872"}],"curies":[{"name":"wp","href":"https:\/\/api.w.org\/{rel}","templated":true}]}}