{"id":876,"date":"2022-05-11T16:37:23","date_gmt":"2022-05-11T14:37:23","guid":{"rendered":"https:\/\/nonnabazaar.com\/careers\/"},"modified":"2023-02-17T14:46:31","modified_gmt":"2023-02-17T13:46:31","slug":"empleo","status":"publish","type":"page","link":"https:\/\/nonnabazaar.com\/es\/empleo\/","title":{"rendered":"Empleo"},"content":{"rendered":"<section class=\"l-section wpb_row us_custom_4c854a23 height_auto\" id=\"hdMd\"><div class=\"l-section-h i-cf\"><div class=\"g-cols vc_row via_grid cols_1 laptops-cols_inherit tablets-cols_inherit mobiles-cols_1 valign_top type_default stacking_default\"><div class=\"wpb_column vc_column_container\"><div class=\"vc_column-inner\"><div class=\"wpb_text_column\"><div class=\"wpb_wrapper\"><h1 style=\"text-align: center;\">Trabaja con nosotros<\/h1>\n<\/div><\/div><div class=\"w-btn-wrapper align_none\"><a class=\"w-btn us-btn-style_1 icon_atleft\" title=\"Home\" href=\"http:\/\/nonnabazaar.com\/es\/\"><i class=\"fas fa-arrow-left\"><\/i><span class=\"w-btn-label\">Atr\u00e1s<\/span><\/a><\/div><\/div><\/div><\/div><\/div><\/section><section class=\"l-section wpb_row height_medium\" id=\"workMd\"><div class=\"l-section-h i-cf\"><div class=\"g-cols vc_row via_grid cols_2-1 laptops-cols_inherit tablets-cols_inherit mobiles-cols_1 valign_top type_default stacking_default\"><div class=\"wpb_column vc_column_container\"><div class=\"vc_column-inner\"><div class=\"wpb_text_column\"><div class=\"wpb_wrapper\"><p>Gracias por tu inter\u00e9s en unirte a Nonna Bazaar.<\/p>\n<p>Env\u00edanos tu CV y \u200b\u200bcarta de motivaci\u00f3n a <a href=\"mailto:contact@nonnabazaar.com\">contact@nonnabazaar.com<\/a><br \/>\nRevisaremos su solicitud y nos pondremos en contacto en breve.<\/p>\n<\/div><\/div><\/div><\/div><div class=\"wpb_column vc_column_container GnrCol\"><div class=\"vc_column-inner\"><div class=\"wpb_text_column rdBg\"><div class=\"wpb_wrapper\"><p style=\"text-align: center;\">Aplicaci\u00f3n general<\/p>\n<p style=\"text-align: center;\"><a href=\"mailto:contact@nonnabazaar.com\">contact@nonnabazaar.com<\/a><\/p>\n<\/div><\/div><\/div><\/div><\/div><\/div><\/section>\n","protected":false},"excerpt":{"rendered":"Trabaja con nosotros Atr\u00e1sGracias por tu inter\u00e9s en unirte a Nonna Bazaar. Env\u00edanos tu CV y \u200b\u200bcarta de motivaci\u00f3n a contact@nonnabazaar.com Revisaremos su solicitud y nos pondremos en contacto en breve. Aplicaci\u00f3n general contact@nonnabazaar.com","protected":false},"author":1,"featured_media":0,"parent":0,"menu_order":0,"comment_status":"closed","ping_status":"closed","template":"","meta":{"footnotes":""},"class_list":["post-876","page","type-page","status-publish","hentry"],"yoast_head":"<!-- This site is optimized with the Yoast SEO plugin v25.5 - https:\/\/yoast.com\/wordpress\/plugins\/seo\/ -->\n<title>Empleo - Nonna Bazaar<\/title>\n<meta name=\"description\" content=\"Apply for a job at Nonna Bazaar, a festive restaurant located in Menorca . Send your CV and motivation letter to career@nonnabazaar.com\" \/>\n<meta name=\"robots\" content=\"index, follow, max-snippet:-1, max-image-preview:large, max-video-preview:-1\" \/>\n<link rel=\"canonical\" href=\"https:\/\/nonnabazaar.com\/es\/empleo\/\" \/>\n<meta property=\"og:locale\" content=\"es_ES\" \/>\n<meta property=\"og:type\" content=\"article\" \/>\n<meta property=\"og:title\" content=\"Empleo - Nonna Bazaar\" \/>\n<meta property=\"og:description\" content=\"Apply for a job at Nonna Bazaar, a festive restaurant located in Menorca . Send your CV and motivation letter to career@nonnabazaar.com\" \/>\n<meta property=\"og:url\" content=\"https:\/\/nonnabazaar.com\/es\/empleo\/\" \/>\n<meta property=\"og:site_name\" content=\"Nonna Bazaar\" \/>\n<meta property=\"article:modified_time\" content=\"2023-02-17T13:46:31+00:00\" \/>\n<meta name=\"twitter:card\" content=\"summary_large_image\" \/>\n<meta name=\"twitter:label1\" content=\"Tiempo de lectura\" \/>\n\t<meta name=\"twitter:data1\" content=\"1 minuto\" \/>\n<script type=\"application\/ld+json\" class=\"yoast-schema-graph\">{\"@context\":\"https:\/\/schema.org\",\"@graph\":[{\"@type\":\"WebPage\",\"@id\":\"https:\/\/nonnabazaar.com\/es\/empleo\/\",\"url\":\"https:\/\/nonnabazaar.com\/es\/empleo\/\",\"name\":\"Empleo - Nonna Bazaar\",\"isPartOf\":{\"@id\":\"https:\/\/nonnabazaar.com\/es\/#website\"},\"datePublished\":\"2022-05-11T14:37:23+00:00\",\"dateModified\":\"2023-02-17T13:46:31+00:00\",\"description\":\"Apply for a job at Nonna Bazaar, a festive restaurant located in Menorca . Send your CV and motivation letter to career@nonnabazaar.com\",\"breadcrumb\":{\"@id\":\"https:\/\/nonnabazaar.com\/es\/empleo\/#breadcrumb\"},\"inLanguage\":\"es\",\"potentialAction\":[{\"@type\":\"ReadAction\",\"target\":[\"https:\/\/nonnabazaar.com\/es\/empleo\/\"]}]},{\"@type\":\"BreadcrumbList\",\"@id\":\"https:\/\/nonnabazaar.com\/es\/empleo\/#breadcrumb\",\"itemListElement\":[{\"@type\":\"ListItem\",\"position\":1,\"name\":\"Home\",\"item\":\"https:\/\/nonnabazaar.com\/es\/?page_id=859\"},{\"@type\":\"ListItem\",\"position\":2,\"name\":\"Empleo\"}]},{\"@type\":\"WebSite\",\"@id\":\"https:\/\/nonnabazaar.com\/es\/#website\",\"url\":\"https:\/\/nonnabazaar.com\/es\/\",\"name\":\"Nonna Bazaar\",\"description\":\"Upbeat Mediterranean Restaurant\",\"potentialAction\":[{\"@type\":\"SearchAction\",\"target\":{\"@type\":\"EntryPoint\",\"urlTemplate\":\"https:\/\/nonnabazaar.com\/es\/?s={search_term_string}\"},\"query-input\":{\"@type\":\"PropertyValueSpecification\",\"valueRequired\":true,\"valueName\":\"search_term_string\"}}],\"inLanguage\":\"es\"}]}<\/script>\n<!-- \/ Yoast SEO plugin. -->","yoast_head_json":{"title":"Empleo - Nonna Bazaar","description":"Apply for a job at Nonna Bazaar, a festive restaurant located in Menorca . Send your CV and motivation letter to career@nonnabazaar.com","robots":{"index":"index","follow":"follow","max-snippet":"max-snippet:-1","max-image-preview":"max-image-preview:large","max-video-preview":"max-video-preview:-1"},"canonical":"https:\/\/nonnabazaar.com\/es\/empleo\/","og_locale":"es_ES","og_type":"article","og_title":"Empleo - Nonna Bazaar","og_description":"Apply for a job at Nonna Bazaar, a festive restaurant located in Menorca . Send your CV and motivation letter to career@nonnabazaar.com","og_url":"https:\/\/nonnabazaar.com\/es\/empleo\/","og_site_name":"Nonna Bazaar","article_modified_time":"2023-02-17T13:46:31+00:00","twitter_card":"summary_large_image","twitter_misc":{"Tiempo de lectura":"1 minuto"},"schema":{"@context":"https:\/\/schema.org","@graph":[{"@type":"WebPage","@id":"https:\/\/nonnabazaar.com\/es\/empleo\/","url":"https:\/\/nonnabazaar.com\/es\/empleo\/","name":"Empleo - Nonna Bazaar","isPartOf":{"@id":"https:\/\/nonnabazaar.com\/es\/#website"},"datePublished":"2022-05-11T14:37:23+00:00","dateModified":"2023-02-17T13:46:31+00:00","description":"Apply for a job at Nonna Bazaar, a festive restaurant located in Menorca . Send your CV and motivation letter to career@nonnabazaar.com","breadcrumb":{"@id":"https:\/\/nonnabazaar.com\/es\/empleo\/#breadcrumb"},"inLanguage":"es","potentialAction":[{"@type":"ReadAction","target":["https:\/\/nonnabazaar.com\/es\/empleo\/"]}]},{"@type":"BreadcrumbList","@id":"https:\/\/nonnabazaar.com\/es\/empleo\/#breadcrumb","itemListElement":[{"@type":"ListItem","position":1,"name":"Home","item":"https:\/\/nonnabazaar.com\/es\/?page_id=859"},{"@type":"ListItem","position":2,"name":"Empleo"}]},{"@type":"WebSite","@id":"https:\/\/nonnabazaar.com\/es\/#website","url":"https:\/\/nonnabazaar.com\/es\/","name":"Nonna Bazaar","description":"Upbeat Mediterranean Restaurant","potentialAction":[{"@type":"SearchAction","target":{"@type":"EntryPoint","urlTemplate":"https:\/\/nonnabazaar.com\/es\/?s={search_term_string}"},"query-input":{"@type":"PropertyValueSpecification","valueRequired":true,"valueName":"search_term_string"}}],"inLanguage":"es"}]}},"_links":{"self":[{"href":"https:\/\/nonnabazaar.com\/es\/wp-json\/wp\/v2\/pages\/876","targetHints":{"allow":["GET"]}}],"collection":[{"href":"https:\/\/nonnabazaar.com\/es\/wp-json\/wp\/v2\/pages"}],"about":[{"href":"https:\/\/nonnabazaar.com\/es\/wp-json\/wp\/v2\/types\/page"}],"author":[{"embeddable":true,"href":"https:\/\/nonnabazaar.com\/es\/wp-json\/wp\/v2\/users\/1"}],"replies":[{"embeddable":true,"href":"https:\/\/nonnabazaar.com\/es\/wp-json\/wp\/v2\/comments?post=876"}],"version-history":[{"count":5,"href":"https:\/\/nonnabazaar.com\/es\/wp-json\/wp\/v2\/pages\/876\/revisions"}],"predecessor-version":[{"id":1130,"href":"https:\/\/nonnabazaar.com\/es\/wp-json\/wp\/v2\/pages\/876\/revisions\/1130"}],"wp:attachment":[{"href":"https:\/\/nonnabazaar.com\/es\/wp-json\/wp\/v2\/media?parent=876"}],"curies":[{"name":"wp","href":"https:\/\/api.w.org\/{rel}","templated":true}]}}