{"id":880,"date":"2022-05-16T10:06:42","date_gmt":"2022-05-16T08:06:42","guid":{"rendered":"https:\/\/nonnabazaar.com\/privatization\/"},"modified":"2025-05-22T13:08:42","modified_gmt":"2025-05-22T11:08:42","slug":"privatizacion","status":"publish","type":"page","link":"https:\/\/nonnabazaar.com\/es\/privatizacion\/","title":{"rendered":"Events Nonna Bazaar ES"},"content":{"rendered":"<section class=\"l-section wpb_row us_custom_e806e117 height_auto\" id=\"hdMd\"><div class=\"l-section-h i-cf\"><div class=\"g-cols vc_row via_grid cols_1 laptops-cols_inherit tablets-cols_inherit mobiles-cols_1 valign_top type_default stacking_default\"><div class=\"wpb_column vc_column_container\"><div class=\"vc_column-inner\"><div class=\"wpb_text_column\"><div class=\"wpb_wrapper\"><h1 style=\"text-align: center;\">Privatizaci\u00f3n<\/h1>\n<\/div><\/div><div class=\"w-btn-wrapper align_none\"><a class=\"w-btn us-btn-style_1 icon_atleft\" title=\"Home\" href=\"http:\/\/nonnabazaar.com\/es\/\"><i class=\"fas fa-arrow-left\"><\/i><span class=\"w-btn-label\">Atr\u00e1s<\/span><\/a><\/div><\/div><\/div><\/div><\/div><\/section><section class=\"l-section wpb_row height_medium\" id=\"workMd\"><div class=\"l-section-h i-cf\"><div class=\"g-cols vc_row via_grid cols_2 laptops-cols_inherit tablets-cols_inherit mobiles-cols_1 valign_top type_default stacking_default\" style=\"grid-gap:2rem;\"><div class=\"wpb_column vc_column_container InfoCol\"><div class=\"vc_column-inner\"><div class=\"wpb_text_column\"><div class=\"wpb_wrapper\"><p>Nonna Bazaar es el sitio ideal para celebrar fiestas, cenas, reuniones o retiros, tanto privados como profesionales, en un entorno verde y tranquilo.<\/p>\n<p>De octubre a mayo, nuestras instalaciones podr\u00edan privatizarse para cenas privadas, team building, programas de incentivos, eventos de lanzamiento de productos, sesiones de fotos o para la realizaci\u00f3n de videos.<\/p>\n<p>Nuestro equipo est\u00e1 a tu disposici\u00f3n para que tu evento salga seg\u00fan lo planeado. Ponte en contacto con nosotros para conocer nuestra disponibilidad. Recomendamos reservar con suficiente antelaci\u00f3n.\u200b<\/p>\n<\/div><\/div><div class=\"g-cols wpb_row GnrCol via_grid cols_1 laptops-cols_inherit tablets-cols_inherit mobiles-cols_1 valign_top type_default stacking_default\"><div class=\"wpb_column vc_column_container\"><div class=\"vc_column-inner\"><div class=\"wpb_text_column rdBg\"><div class=\"wpb_wrapper\"><p>\u00a1Hablemos!<\/p>\n<p><a href=\"mailto:contact@nonnabazaar.com\">contact@nonnabazaar.com<\/a><br \/>\n<a href=\"tel:0034662967207\">(+34) 662 967 207<\/a><\/p>\n<\/div><\/div><\/div><\/div><\/div><\/div><\/div><div class=\"wpb_column vc_column_container\"><div class=\"vc_column-inner\"><div class=\"w-slider style_none fit_scaledown\"><div class=\"w-slider-h\"><div class=\"royalSlider\"><div class=\"rsContent\"><a class=\"rsImg\" data-rsw=\"714\" data-rsh=\"549\" href=\"https:\/\/nonnabazaar.com\/wp-content\/uploads\/2022\/05\/PrivatizationSlide.jpg\"><span data-alt=\"\"><\/span><\/a><\/div><\/div><img decoding=\"async\" src=\"https:\/\/nonnabazaar.com\/wp-content\/uploads\/2022\/05\/PrivatizationSlide.jpg\" width=\"714\" height=\"549\" alt loading=\"lazy\"><\/div><div class=\"w-slider-json\" onclick='return {&quot;loop&quot;:true,&quot;fadeInLoadedSlide&quot;:false,&quot;slidesSpacing&quot;:0,&quot;imageScalePadding&quot;:0,&quot;numImagesToPreload&quot;:2,&quot;arrowsNav&quot;:true,&quot;arrowsNavAutoHide&quot;:false,&quot;transitionType&quot;:&quot;move&quot;,&quot;transitionSpeed&quot;:250,&quot;block&quot;:{&quot;moveEffect&quot;:&quot;none&quot;,&quot;speed&quot;:300},&quot;controlNavigation&quot;:&quot;none&quot;,&quot;imageScaleMode&quot;:&quot;fit-if-smaller&quot;,&quot;autoScaleSlider&quot;:true,&quot;autoScaleSliderWidth&quot;:714,&quot;autoScaleSliderHeight&quot;:549,&quot;fitInViewport&quot;:false}'><\/div><\/div><\/div><\/div><\/div><\/div><\/section>\n","protected":false},"excerpt":{"rendered":"Privatizaci\u00f3n Atr\u00e1sNonna Bazaar es el sitio ideal para celebrar fiestas, cenas, reuniones o retiros, tanto privados como profesionales, en un entorno verde y tranquilo. De octubre a mayo, nuestras instalaciones podr\u00edan privatizarse para cenas privadas, team building, programas de incentivos, eventos de lanzamiento de productos, sesiones de fotos o para la realizaci\u00f3n de videos. Nuestro...","protected":false},"author":1,"featured_media":0,"parent":0,"menu_order":0,"comment_status":"closed","ping_status":"closed","template":"","meta":{"footnotes":""},"class_list":["post-880","page","type-page","status-publish","hentry"],"yoast_head":"<!-- This site is optimized with the Yoast SEO plugin v25.5 - https:\/\/yoast.com\/wordpress\/plugins\/seo\/ -->\n<title>Events Nonna Bazaar ES - Nonna Bazaar<\/title>\n<meta name=\"description\" content=\"Nonna Bazaar&#039;s premises can be booked for private events, team buildings, incentive programs, product launches and photo\/video shootings.\" \/>\n<meta name=\"robots\" content=\"index, follow, max-snippet:-1, max-image-preview:large, max-video-preview:-1\" \/>\n<link rel=\"canonical\" href=\"https:\/\/nonnabazaar.com\/es\/privatizacion\/\" \/>\n<meta property=\"og:locale\" content=\"es_ES\" \/>\n<meta property=\"og:type\" content=\"article\" \/>\n<meta property=\"og:title\" content=\"Events Nonna Bazaar ES - Nonna Bazaar\" \/>\n<meta property=\"og:description\" content=\"Nonna Bazaar&#039;s premises can be booked for private events, team buildings, incentive programs, product launches and photo\/video shootings.\" \/>\n<meta property=\"og:url\" content=\"https:\/\/nonnabazaar.com\/es\/privatizacion\/\" \/>\n<meta property=\"og:site_name\" content=\"Nonna Bazaar\" \/>\n<meta property=\"article:modified_time\" content=\"2025-05-22T11:08:42+00:00\" \/>\n<meta name=\"twitter:card\" content=\"summary_large_image\" \/>\n<meta name=\"twitter:label1\" content=\"Tiempo de lectura\" \/>\n\t<meta name=\"twitter:data1\" content=\"1 minuto\" \/>\n<script type=\"application\/ld+json\" class=\"yoast-schema-graph\">{\"@context\":\"https:\/\/schema.org\",\"@graph\":[{\"@type\":\"WebPage\",\"@id\":\"https:\/\/nonnabazaar.com\/es\/privatizacion\/\",\"url\":\"https:\/\/nonnabazaar.com\/es\/privatizacion\/\",\"name\":\"Events Nonna Bazaar ES - Nonna Bazaar\",\"isPartOf\":{\"@id\":\"https:\/\/nonnabazaar.com\/es\/#website\"},\"datePublished\":\"2022-05-16T08:06:42+00:00\",\"dateModified\":\"2025-05-22T11:08:42+00:00\",\"description\":\"Nonna Bazaar's premises can be booked for private events, team buildings, incentive programs, product launches and photo\/video shootings.\",\"breadcrumb\":{\"@id\":\"https:\/\/nonnabazaar.com\/es\/privatizacion\/#breadcrumb\"},\"inLanguage\":\"es\",\"potentialAction\":[{\"@type\":\"ReadAction\",\"target\":[\"https:\/\/nonnabazaar.com\/es\/privatizacion\/\"]}]},{\"@type\":\"BreadcrumbList\",\"@id\":\"https:\/\/nonnabazaar.com\/es\/privatizacion\/#breadcrumb\",\"itemListElement\":[{\"@type\":\"ListItem\",\"position\":1,\"name\":\"Home\",\"item\":\"https:\/\/nonnabazaar.com\/es\/?page_id=859\"},{\"@type\":\"ListItem\",\"position\":2,\"name\":\"Events Nonna Bazaar ES\"}]},{\"@type\":\"WebSite\",\"@id\":\"https:\/\/nonnabazaar.com\/es\/#website\",\"url\":\"https:\/\/nonnabazaar.com\/es\/\",\"name\":\"Nonna Bazaar\",\"description\":\"Upbeat Mediterranean Restaurant\",\"potentialAction\":[{\"@type\":\"SearchAction\",\"target\":{\"@type\":\"EntryPoint\",\"urlTemplate\":\"https:\/\/nonnabazaar.com\/es\/?s={search_term_string}\"},\"query-input\":{\"@type\":\"PropertyValueSpecification\",\"valueRequired\":true,\"valueName\":\"search_term_string\"}}],\"inLanguage\":\"es\"}]}<\/script>\n<!-- \/ Yoast SEO plugin. -->","yoast_head_json":{"title":"Events Nonna Bazaar ES - Nonna Bazaar","description":"Nonna Bazaar's premises can be booked for private events, team buildings, incentive programs, product launches and photo\/video shootings.","robots":{"index":"index","follow":"follow","max-snippet":"max-snippet:-1","max-image-preview":"max-image-preview:large","max-video-preview":"max-video-preview:-1"},"canonical":"https:\/\/nonnabazaar.com\/es\/privatizacion\/","og_locale":"es_ES","og_type":"article","og_title":"Events Nonna Bazaar ES - Nonna Bazaar","og_description":"Nonna Bazaar's premises can be booked for private events, team buildings, incentive programs, product launches and photo\/video shootings.","og_url":"https:\/\/nonnabazaar.com\/es\/privatizacion\/","og_site_name":"Nonna Bazaar","article_modified_time":"2025-05-22T11:08:42+00:00","twitter_card":"summary_large_image","twitter_misc":{"Tiempo de lectura":"1 minuto"},"schema":{"@context":"https:\/\/schema.org","@graph":[{"@type":"WebPage","@id":"https:\/\/nonnabazaar.com\/es\/privatizacion\/","url":"https:\/\/nonnabazaar.com\/es\/privatizacion\/","name":"Events Nonna Bazaar ES - Nonna Bazaar","isPartOf":{"@id":"https:\/\/nonnabazaar.com\/es\/#website"},"datePublished":"2022-05-16T08:06:42+00:00","dateModified":"2025-05-22T11:08:42+00:00","description":"Nonna Bazaar's premises can be booked for private events, team buildings, incentive programs, product launches and photo\/video shootings.","breadcrumb":{"@id":"https:\/\/nonnabazaar.com\/es\/privatizacion\/#breadcrumb"},"inLanguage":"es","potentialAction":[{"@type":"ReadAction","target":["https:\/\/nonnabazaar.com\/es\/privatizacion\/"]}]},{"@type":"BreadcrumbList","@id":"https:\/\/nonnabazaar.com\/es\/privatizacion\/#breadcrumb","itemListElement":[{"@type":"ListItem","position":1,"name":"Home","item":"https:\/\/nonnabazaar.com\/es\/?page_id=859"},{"@type":"ListItem","position":2,"name":"Events Nonna Bazaar ES"}]},{"@type":"WebSite","@id":"https:\/\/nonnabazaar.com\/es\/#website","url":"https:\/\/nonnabazaar.com\/es\/","name":"Nonna Bazaar","description":"Upbeat Mediterranean Restaurant","potentialAction":[{"@type":"SearchAction","target":{"@type":"EntryPoint","urlTemplate":"https:\/\/nonnabazaar.com\/es\/?s={search_term_string}"},"query-input":{"@type":"PropertyValueSpecification","valueRequired":true,"valueName":"search_term_string"}}],"inLanguage":"es"}]}},"_links":{"self":[{"href":"https:\/\/nonnabazaar.com\/es\/wp-json\/wp\/v2\/pages\/880","targetHints":{"allow":["GET"]}}],"collection":[{"href":"https:\/\/nonnabazaar.com\/es\/wp-json\/wp\/v2\/pages"}],"about":[{"href":"https:\/\/nonnabazaar.com\/es\/wp-json\/wp\/v2\/types\/page"}],"author":[{"embeddable":true,"href":"https:\/\/nonnabazaar.com\/es\/wp-json\/wp\/v2\/users\/1"}],"replies":[{"embeddable":true,"href":"https:\/\/nonnabazaar.com\/es\/wp-json\/wp\/v2\/comments?post=880"}],"version-history":[{"count":3,"href":"https:\/\/nonnabazaar.com\/es\/wp-json\/wp\/v2\/pages\/880\/revisions"}],"predecessor-version":[{"id":2943,"href":"https:\/\/nonnabazaar.com\/es\/wp-json\/wp\/v2\/pages\/880\/revisions\/2943"}],"wp:attachment":[{"href":"https:\/\/nonnabazaar.com\/es\/wp-json\/wp\/v2\/media?parent=880"}],"curies":[{"name":"wp","href":"https:\/\/api.w.org\/{rel}","templated":true}]}}