{"id":2699,"date":"2025-04-04T16:52:46","date_gmt":"2025-04-04T14:52:46","guid":{"rendered":"https:\/\/nonnabazaar.com\/menus\/food-nonna-beach\/"},"modified":"2025-06-13T10:55:09","modified_gmt":"2025-06-13T08:55:09","slug":"food-nonna-beach","status":"publish","type":"page","link":"https:\/\/nonnabazaar.com\/fr\/food-nonna-beach\/","title":{"rendered":"Food Nonna Beach"},"content":{"rendered":"<section class=\"l-section wpb_row us_custom_c35043b5 height_auto\" id=\"hdMd\"><div class=\"l-section-h i-cf\"><div class=\"g-cols vc_row via_grid cols_1 laptops-cols_inherit tablets-cols_inherit mobiles-cols_1 valign_top type_default stacking_default\"><div class=\"wpb_column vc_column_container\"><div class=\"vc_column-inner\"><div class=\"wpb_text_column\"><div class=\"wpb_wrapper\"><h1 style=\"text-align: center;\">Menu<\/h1>\n<\/div><\/div><div class=\"w-btn-wrapper align_none\"><a class=\"w-btn us-btn-style_1 icon_atleft\" title=\"Home\" href=\"http:\/\/nonnabazaar.com\/\"><i class=\"fas fa-arrow-left\"><\/i><span class=\"w-btn-label\">Back<\/span><\/a><\/div><\/div><\/div><\/div><\/div><\/section><section class=\"l-section wpb_row height_medium\" id=\"ttlMd\"><div class=\"l-section-h i-cf\"><div class=\"g-cols vc_row via_grid cols_1 laptops-cols_inherit tablets-cols_inherit mobiles-cols_1 valign_top type_default stacking_default\"><div class=\"wpb_column vc_column_container\"><div class=\"vc_column-inner\"><div class=\"wpb_text_column\"><div class=\"wpb_wrapper\"><h2 style=\"text-align: center;\">Tapas<\/h2>\n<\/div><\/div><\/div><\/div><\/div><\/div><\/section><section class=\"l-section wpb_row height_medium\" id=\"foodMd\"><div class=\"l-section-h i-cf\"><div class=\"g-cols vc_row via_grid cols_1 laptops-cols_inherit tablets-cols_inherit mobiles-cols_1 valign_top type_default stacking_default\"><div class=\"wpb_column vc_column_container\"><div class=\"vc_column-inner\"><div class=\"g-cols wpb_row MenuRow via_grid cols_3-1 laptops-cols_inherit tablets-cols_inherit mobiles-cols_1 valign_top type_default stacking_default\"><div class=\"wpb_column vc_column_container foodCol\"><div class=\"vc_column-inner\"><div class=\"wpb_text_column\"><div class=\"wpb_wrapper\"><p><strong>Frites<\/strong><br \/>\n<span data-teams=\"true\">Sal\u00e9es avec pr\u00e9cision<\/span><\/p>\n<\/div><\/div><\/div><\/div><div class=\"wpb_column vc_column_container priceCol\"><div class=\"vc_column-inner\"><div class=\"wpb_text_column\"><div class=\"wpb_wrapper\"><p>3,5\u20ac<\/p>\n<\/div><\/div><\/div><\/div><\/div><div class=\"g-cols wpb_row MenuRow via_grid cols_3-1 laptops-cols_inherit tablets-cols_inherit mobiles-cols_1 valign_top type_default stacking_default\"><div class=\"wpb_column vc_column_container foodCol\"><div class=\"vc_column-inner\"><div class=\"wpb_text_column\"><div class=\"wpb_wrapper\"><p><strong>Croquettes<\/strong><br \/>\nJambon serrano et \u00e9pinards<\/p>\n<\/div><\/div><\/div><\/div><div class=\"wpb_column vc_column_container priceCol\"><div class=\"vc_column-inner\"><div class=\"wpb_text_column\"><div class=\"wpb_wrapper\"><p>9,5\u20ac<\/p>\n<\/div><\/div><\/div><\/div><\/div><div class=\"g-cols wpb_row MenuRow via_grid cols_3-1 laptops-cols_inherit tablets-cols_inherit mobiles-cols_1 valign_top type_default stacking_default\"><div class=\"wpb_column vc_column_container foodCol\"><div class=\"vc_column-inner\"><div class=\"wpb_text_column\"><div class=\"wpb_wrapper\"><p><strong>Plateau de mezz\u00e9s<br \/>\n<\/strong>Entr\u00e9e avec crudit\u00e9s, grissini, pita maison et une vari\u00e9t\u00e9 de sauces m\u00e9diterran\u00e9ennes.<\/p>\n<\/div><\/div><\/div><\/div><div class=\"wpb_column vc_column_container priceCol\"><div class=\"vc_column-inner\"><div class=\"wpb_text_column\"><div class=\"wpb_wrapper\"><p>16\u20ac<\/p>\n<\/div><\/div><\/div><\/div><\/div><div class=\"g-cols wpb_row MenuRow via_grid cols_3-1 laptops-cols_inherit tablets-cols_inherit mobiles-cols_1 valign_top type_default stacking_default\"><div class=\"wpb_column vc_column_container foodCol\"><div class=\"vc_column-inner\"><div class=\"wpb_text_column\"><div class=\"wpb_wrapper\"><p><strong>Plateau mixte de charcuterie et de fromages<\/strong><br \/>\nS\u00e9lection de charcuteries artisanales et fromages affin\u00e9s, accompagn\u00e9s de petits pains.<\/p>\n<\/div><\/div><\/div><\/div><div class=\"wpb_column vc_column_container priceCol\"><div class=\"vc_column-inner\"><div class=\"wpb_text_column\"><div class=\"wpb_wrapper\"><p>18\u20ac<\/p>\n<\/div><\/div><\/div><\/div><\/div><\/div><\/div><\/div><\/div><\/section><section class=\"l-section wpb_row height_medium\" id=\"ttlMd\"><div class=\"l-section-h i-cf\"><div class=\"g-cols vc_row via_grid cols_1 laptops-cols_inherit tablets-cols_inherit mobiles-cols_1 valign_top type_default stacking_default\"><div class=\"wpb_column vc_column_container\"><div class=\"vc_column-inner\"><div class=\"wpb_text_column\"><div class=\"wpb_wrapper\"><h2 style=\"text-align: center;\">Plats principaux<\/h2>\n<\/div><\/div><\/div><\/div><\/div><\/div><\/section><section class=\"l-section wpb_row height_medium\" id=\"foodMd\"><div class=\"l-section-h i-cf\"><div class=\"g-cols vc_row via_grid cols_1 laptops-cols_inherit tablets-cols_inherit mobiles-cols_1 valign_top type_default stacking_default\"><div class=\"wpb_column vc_column_container\"><div class=\"vc_column-inner\"><div class=\"g-cols wpb_row MenuRow via_grid cols_3-1 laptops-cols_inherit tablets-cols_inherit mobiles-cols_1 valign_top type_default stacking_default\"><div class=\"wpb_column vc_column_container foodCol\"><div class=\"vc_column-inner\"><div class=\"wpb_text_column\"><div class=\"wpb_wrapper\"><p><strong><span data-teams=\"true\">Brochettes de l\u00e9gumes grill\u00e9s<\/span><br \/>\n<\/strong><span data-teams=\"true\">Servies avec une sauce au yaourt, s\u00e9same &amp;, herbes fra\u00eeches, salade de tomates et laitue \u00e0 la sauce romesco, et des frites.<\/span><\/p>\n<\/div><\/div><\/div><\/div><div class=\"wpb_column vc_column_container priceCol\"><div class=\"vc_column-inner\"><div class=\"wpb_text_column\"><div class=\"wpb_wrapper\"><p>14\u20ac<\/p>\n<\/div><\/div><\/div><\/div><\/div><div class=\"g-cols wpb_row MenuRow via_grid cols_3-1 laptops-cols_inherit tablets-cols_inherit mobiles-cols_1 valign_top type_default stacking_default\"><div class=\"wpb_column vc_column_container foodCol\"><div class=\"vc_column-inner\"><div class=\"wpb_text_column\"><div class=\"wpb_wrapper\"><p><strong>Poulet grill\u00e9 \u00e0 la minorquine<\/strong><br \/>\n<span data-teams=\"true\">Servi avec une salade de tomates et laitue \u00e0 lasauce romesco et des frites.<\/span><\/p>\n<div class=\"page\" title=\"Page 1\">\n<div class=\"layoutArea\">\n<div class=\"column\">\n<p>&nbsp;<\/p>\n<\/div>\n<\/div>\n<\/div>\n<\/div><\/div><\/div><\/div><div class=\"wpb_column vc_column_container priceCol\"><div class=\"vc_column-inner\"><div class=\"wpb_text_column\"><div class=\"wpb_wrapper\"><p>19\u20ac<\/p>\n<\/div><\/div><\/div><\/div><\/div><\/div><\/div><\/div><\/div><\/section><section class=\"l-section wpb_row height_medium\" id=\"ttlMd\"><div class=\"l-section-h i-cf\"><div class=\"g-cols vc_row via_grid cols_1 laptops-cols_inherit tablets-cols_inherit mobiles-cols_1 valign_top type_default stacking_default\"><div class=\"wpb_column vc_column_container\"><div class=\"vc_column-inner\"><div class=\"wpb_text_column\"><div class=\"wpb_wrapper\"><h2 style=\"text-align: center;\">Desserts<\/h2>\n<\/div><\/div><\/div><\/div><\/div><\/div><\/section><section class=\"l-section wpb_row height_medium\" id=\"foodMd\"><div class=\"l-section-h i-cf\"><div class=\"g-cols vc_row via_grid cols_1 laptops-cols_inherit tablets-cols_inherit mobiles-cols_1 valign_top type_default stacking_default\"><div class=\"wpb_column vc_column_container\"><div class=\"vc_column-inner\"><div class=\"g-cols wpb_row MenuRow via_grid cols_3-1 laptops-cols_inherit tablets-cols_inherit mobiles-cols_1 valign_top type_default stacking_default\"><div class=\"wpb_column vc_column_container foodCol\"><div class=\"vc_column-inner\"><div class=\"wpb_text_column\"><div class=\"wpb_wrapper\"><p><strong>Glace Fior di Latte<\/strong><br \/>\nNotre c\u00e9l\u00e8bre sorbet au lait fermier local : 1 garniture au choix : Fruits frais \/ Pistaches caram\u00e9lis\u00e9es \/ Granola \/ Miel de Minorque<\/p>\n<\/div><\/div><\/div><\/div><div class=\"wpb_column vc_column_container priceCol\"><div class=\"vc_column-inner\"><div class=\"wpb_text_column\"><div class=\"wpb_wrapper\"><p>4,5\u20ac<\/p>\n<\/div><\/div><\/div><\/div><\/div><\/div><\/div><\/div><\/div><\/section><section class=\"l-section wpb_row height_medium\" id=\"btnMd\"><div class=\"l-section-h i-cf\"><div class=\"g-cols vc_row via_grid cols_1 laptops-cols_inherit tablets-cols_inherit mobiles-cols_1 valign_top type_default stacking_default\"><div class=\"wpb_column vc_column_container\"><div class=\"vc_column-inner\"><div class=\"w-btn-wrapper align_center\"><a class=\"w-btn us-btn-style_1 icon_atright\" title=\"Drink\" href=\"https:\/\/nonnabazaar.com\/fr\/drinks-nonna-beach\/\"><span class=\"w-btn-label\">Boissons<\/span><i class=\"fas fa-chevron-right\"><\/i><\/a><\/div><\/div><\/div><\/div><\/div><\/section><section class=\"l-section wpb_row height_medium\"><div class=\"l-section-h i-cf\"><div class=\"g-cols vc_row via_grid cols_1 laptops-cols_inherit tablets-cols_inherit mobiles-cols_1 valign_top type_default stacking_default\"><div class=\"wpb_column vc_column_container\"><div class=\"vc_column-inner\"><div class=\"wpb_text_column\"><div class=\"wpb_wrapper\"><\/div><\/div><\/div><\/div><\/div><\/div><\/section><section class=\"l-section wpb_row height_medium\"><div class=\"l-section-h i-cf\"><div class=\"g-cols vc_row via_grid cols_1 laptops-cols_inherit tablets-cols_inherit mobiles-cols_1 valign_top type_default stacking_default\"><div class=\"wpb_column vc_column_container\"><div class=\"vc_column-inner\"><div class=\"wpb_text_column\"><div class=\"wpb_wrapper\"><\/div><\/div><\/div><\/div><\/div><\/div><\/section>\n","protected":false},"excerpt":{"rendered":"Menu BackTapas Frites Sal\u00e9es avec pr\u00e9cision 3,5\u20ac Croquettes Jambon serrano et \u00e9pinards 9,5\u20ac Plateau de mezz\u00e9s Entr\u00e9e avec crudit\u00e9s, grissini, pita maison et une vari\u00e9t\u00e9 de sauces m\u00e9diterran\u00e9ennes. 16\u20ac Plateau mixte de charcuterie et de fromages S\u00e9lection de charcuteries artisanales et fromages affin\u00e9s, accompagn\u00e9s de petits pains. 18\u20ac Plats principaux Brochettes de l\u00e9gumes grill\u00e9s Servies...","protected":false},"author":7,"featured_media":0,"parent":0,"menu_order":0,"comment_status":"closed","ping_status":"closed","template":"","meta":{"footnotes":""},"class_list":["post-2699","page","type-page","status-publish","hentry"],"yoast_head":"<!-- This site is optimized with the Yoast SEO plugin v25.5 - https:\/\/yoast.com\/wordpress\/plugins\/seo\/ -->\n<title>Food Nonna Beach - Nonna Bazaar<\/title>\n<meta name=\"description\" content=\"Discover the true taste of Mediterranean dishes in a farm-to-table restaurant that celebrates tradition and slow-life in Menorca.\" \/>\n<meta name=\"robots\" content=\"index, follow, max-snippet:-1, max-image-preview:large, max-video-preview:-1\" \/>\n<link rel=\"canonical\" href=\"https:\/\/nonnabazaar.com\/fr\/food-nonna-beach\/\" \/>\n<meta property=\"og:locale\" content=\"fr_FR\" \/>\n<meta property=\"og:type\" content=\"article\" \/>\n<meta property=\"og:title\" content=\"Food Nonna Beach - Nonna Bazaar\" \/>\n<meta property=\"og:description\" content=\"Discover the true taste of Mediterranean dishes in a farm-to-table restaurant that celebrates tradition and slow-life in Menorca.\" \/>\n<meta property=\"og:url\" content=\"https:\/\/nonnabazaar.com\/fr\/food-nonna-beach\/\" \/>\n<meta property=\"og:site_name\" content=\"Nonna Bazaar\" \/>\n<meta property=\"article:modified_time\" content=\"2025-06-13T08:55:09+00:00\" \/>\n<meta name=\"twitter:card\" content=\"summary_large_image\" \/>\n<meta name=\"twitter:label1\" content=\"Dur\u00e9e de lecture estim\u00e9e\" \/>\n\t<meta name=\"twitter:data1\" content=\"1 minute\" \/>\n<script type=\"application\/ld+json\" class=\"yoast-schema-graph\">{\"@context\":\"https:\/\/schema.org\",\"@graph\":[{\"@type\":\"WebPage\",\"@id\":\"https:\/\/nonnabazaar.com\/fr\/food-nonna-beach\/\",\"url\":\"https:\/\/nonnabazaar.com\/fr\/food-nonna-beach\/\",\"name\":\"Food Nonna Beach - Nonna Bazaar\",\"isPartOf\":{\"@id\":\"https:\/\/nonnabazaar.com\/fr\/#website\"},\"datePublished\":\"2025-04-04T14:52:46+00:00\",\"dateModified\":\"2025-06-13T08:55:09+00:00\",\"description\":\"Discover the true taste of Mediterranean dishes in a farm-to-table restaurant that celebrates tradition and slow-life in Menorca.\",\"breadcrumb\":{\"@id\":\"https:\/\/nonnabazaar.com\/fr\/food-nonna-beach\/#breadcrumb\"},\"inLanguage\":\"fr-FR\",\"potentialAction\":[{\"@type\":\"ReadAction\",\"target\":[\"https:\/\/nonnabazaar.com\/fr\/food-nonna-beach\/\"]}]},{\"@type\":\"BreadcrumbList\",\"@id\":\"https:\/\/nonnabazaar.com\/fr\/food-nonna-beach\/#breadcrumb\",\"itemListElement\":[{\"@type\":\"ListItem\",\"position\":1,\"name\":\"Home\",\"item\":\"https:\/\/nonnabazaar.com\/fr\/?page_id=886\"},{\"@type\":\"ListItem\",\"position\":2,\"name\":\"Food Nonna Beach\"}]},{\"@type\":\"WebSite\",\"@id\":\"https:\/\/nonnabazaar.com\/fr\/#website\",\"url\":\"https:\/\/nonnabazaar.com\/fr\/\",\"name\":\"Nonna Bazaar\",\"description\":\"Upbeat Mediterranean Restaurant\",\"potentialAction\":[{\"@type\":\"SearchAction\",\"target\":{\"@type\":\"EntryPoint\",\"urlTemplate\":\"https:\/\/nonnabazaar.com\/fr\/?s={search_term_string}\"},\"query-input\":{\"@type\":\"PropertyValueSpecification\",\"valueRequired\":true,\"valueName\":\"search_term_string\"}}],\"inLanguage\":\"fr-FR\"}]}<\/script>\n<!-- \/ Yoast SEO plugin. -->","yoast_head_json":{"title":"Food Nonna Beach - Nonna Bazaar","description":"Discover the true taste of Mediterranean dishes in a farm-to-table restaurant that celebrates tradition and slow-life in Menorca.","robots":{"index":"index","follow":"follow","max-snippet":"max-snippet:-1","max-image-preview":"max-image-preview:large","max-video-preview":"max-video-preview:-1"},"canonical":"https:\/\/nonnabazaar.com\/fr\/food-nonna-beach\/","og_locale":"fr_FR","og_type":"article","og_title":"Food Nonna Beach - Nonna Bazaar","og_description":"Discover the true taste of Mediterranean dishes in a farm-to-table restaurant that celebrates tradition and slow-life in Menorca.","og_url":"https:\/\/nonnabazaar.com\/fr\/food-nonna-beach\/","og_site_name":"Nonna Bazaar","article_modified_time":"2025-06-13T08:55:09+00:00","twitter_card":"summary_large_image","twitter_misc":{"Dur\u00e9e de lecture estim\u00e9e":"1 minute"},"schema":{"@context":"https:\/\/schema.org","@graph":[{"@type":"WebPage","@id":"https:\/\/nonnabazaar.com\/fr\/food-nonna-beach\/","url":"https:\/\/nonnabazaar.com\/fr\/food-nonna-beach\/","name":"Food Nonna Beach - Nonna Bazaar","isPartOf":{"@id":"https:\/\/nonnabazaar.com\/fr\/#website"},"datePublished":"2025-04-04T14:52:46+00:00","dateModified":"2025-06-13T08:55:09+00:00","description":"Discover the true taste of Mediterranean dishes in a farm-to-table restaurant that celebrates tradition and slow-life in Menorca.","breadcrumb":{"@id":"https:\/\/nonnabazaar.com\/fr\/food-nonna-beach\/#breadcrumb"},"inLanguage":"fr-FR","potentialAction":[{"@type":"ReadAction","target":["https:\/\/nonnabazaar.com\/fr\/food-nonna-beach\/"]}]},{"@type":"BreadcrumbList","@id":"https:\/\/nonnabazaar.com\/fr\/food-nonna-beach\/#breadcrumb","itemListElement":[{"@type":"ListItem","position":1,"name":"Home","item":"https:\/\/nonnabazaar.com\/fr\/?page_id=886"},{"@type":"ListItem","position":2,"name":"Food Nonna Beach"}]},{"@type":"WebSite","@id":"https:\/\/nonnabazaar.com\/fr\/#website","url":"https:\/\/nonnabazaar.com\/fr\/","name":"Nonna Bazaar","description":"Upbeat Mediterranean Restaurant","potentialAction":[{"@type":"SearchAction","target":{"@type":"EntryPoint","urlTemplate":"https:\/\/nonnabazaar.com\/fr\/?s={search_term_string}"},"query-input":{"@type":"PropertyValueSpecification","valueRequired":true,"valueName":"search_term_string"}}],"inLanguage":"fr-FR"}]}},"_links":{"self":[{"href":"https:\/\/nonnabazaar.com\/fr\/wp-json\/wp\/v2\/pages\/2699","targetHints":{"allow":["GET"]}}],"collection":[{"href":"https:\/\/nonnabazaar.com\/fr\/wp-json\/wp\/v2\/pages"}],"about":[{"href":"https:\/\/nonnabazaar.com\/fr\/wp-json\/wp\/v2\/types\/page"}],"author":[{"embeddable":true,"href":"https:\/\/nonnabazaar.com\/fr\/wp-json\/wp\/v2\/users\/7"}],"replies":[{"embeddable":true,"href":"https:\/\/nonnabazaar.com\/fr\/wp-json\/wp\/v2\/comments?post=2699"}],"version-history":[{"count":6,"href":"https:\/\/nonnabazaar.com\/fr\/wp-json\/wp\/v2\/pages\/2699\/revisions"}],"predecessor-version":[{"id":3075,"href":"https:\/\/nonnabazaar.com\/fr\/wp-json\/wp\/v2\/pages\/2699\/revisions\/3075"}],"wp:attachment":[{"href":"https:\/\/nonnabazaar.com\/fr\/wp-json\/wp\/v2\/media?parent=2699"}],"curies":[{"name":"wp","href":"https:\/\/api.w.org\/{rel}","templated":true}]}}