{"id":898,"date":"2022-05-11T16:37:11","date_gmt":"2022-05-11T14:37:11","guid":{"rendered":"https:\/\/nonnabazaar.com\/press-room\/"},"modified":"2022-06-22T12:45:55","modified_gmt":"2022-06-22T10:45:55","slug":"presse","status":"publish","type":"page","link":"https:\/\/nonnabazaar.com\/fr\/presse\/","title":{"rendered":"Presse"},"content":{"rendered":"<section class=\"l-section wpb_row us_custom_76db5011 height_auto\" id=\"hdMd\"><div class=\"l-section-h i-cf\"><div class=\"g-cols vc_row via_grid cols_1 laptops-cols_inherit tablets-cols_inherit mobiles-cols_1 valign_top type_default stacking_default\"><div class=\"wpb_column vc_column_container\"><div class=\"vc_column-inner\"><div class=\"wpb_text_column\"><div class=\"wpb_wrapper\"><h1 style=\"text-align: center;\">Presse<\/h1>\n<\/div><\/div><div class=\"w-btn-wrapper align_none\"><a class=\"w-btn us-btn-style_1 icon_atleft\" title=\"Home\" href=\"http:\/\/nonnabazaar.com\/fr\"><i class=\"fas fa-arrow-left\"><\/i><span class=\"w-btn-label\">Arri\u00e8re<\/span><\/a><\/div><\/div><\/div><\/div><\/div><\/section><section class=\"l-section wpb_row height_medium\" id=\"txtMd\"><div class=\"l-section-h i-cf\"><div class=\"g-cols vc_row via_grid cols_1 laptops-cols_inherit tablets-cols_inherit mobiles-cols_1 valign_top type_default stacking_default\"><div class=\"wpb_column vc_column_container\"><div class=\"vc_column-inner\"><div class=\"wpb_text_column\"><div class=\"wpb_wrapper\"><p>Bienvenue dans notre Espace Presse.<\/p>\n<\/div><\/div><\/div><\/div><\/div><\/div><\/section><section class=\"l-section wpb_row height_medium\" id=\"prssMd\"><div class=\"l-section-h i-cf\"><div class=\"g-cols vc_row via_grid cols_2-1 laptops-cols_inherit tablets-cols_inherit mobiles-cols_1 valign_top type_default stacking_default\"><div class=\"wpb_column vc_column_container btnCol\"><div class=\"vc_column-inner\"><div class=\"wpb_text_column\"><div class=\"wpb_wrapper\"><p>Vous trouverez ci-dessous les derni\u00e8res informations de Nonna Bazaar,<br \/>\nnotamment nos communiqu\u00e9s de presse et les photos officielles.<\/p>\n<\/div><\/div><div class=\"w-btn-wrapper align_none\"><a class=\"w-btn us-btn-style_1 icon_atright\" target=\"_blank\" href=\"https:\/\/zannier.sharepoint.com\/:f:\/s\/External\/Eif5vw-hfxRPiKdJ9dhaNj8BMVLmcLdj75xERlnXzgWRUw?e=6JBgKD\" rel=\"noopener\"><span class=\"w-btn-label\">Derniers communiqu\u00e9s de presse<\/span><i class=\"fas fa-chevron-right\"><\/i><\/a><\/div><div class=\"w-btn-wrapper align_none\"><a class=\"w-btn us-btn-style_1 icon_atright\" target=\"_blank\" href=\"https:\/\/zannier.sharepoint.com\/:f:\/s\/External\/EmoegzbmgFFAiWeZgnRGGS0BrAgW9B1Faozn_pzKk8vKjA?e=EGv5rX\" rel=\"noopener\"><span class=\"w-btn-label\">Acc\u00e8s aux photos<\/span><i class=\"fas fa-chevron-right\"><\/i><\/a><\/div><div class=\"w-btn-wrapper align_none\"><a class=\"w-btn us-btn-style_1 icon_atright\" target=\"_blank\" href=\"https:\/\/zannier.sharepoint.com\/:f:\/s\/External\/ErqMSIeXvGBEsdcXWQlI8WkB8BfO-EzCyXsDHy9-wy1O1g?e=jjL3hf\" rel=\"noopener\"><span class=\"w-btn-label\">T\u00e9l\u00e9charger la brochure<\/span><i class=\"fas fa-chevron-right\"><\/i><\/a><\/div><div class=\"w-btn-wrapper align_none\"><a class=\"w-btn us-btn-style_1 icon_atright\" target=\"_blank\" href=\"https:\/\/zannier.sharepoint.com\/:f:\/s\/External\/EmLjE1KMNMNFt9aQ7yaXx84BNzLxxa8S_FfEbQ97aoRmaQ?e=TA7iGP\" rel=\"noopener\"><span class=\"w-btn-label\">T\u00e9l\u00e9charger le menu<\/span><i class=\"fas fa-chevron-right\"><\/i><\/a><\/div><\/div><\/div><div class=\"wpb_column vc_column_container\"><div class=\"vc_column-inner\"><div class=\"wpb_text_column\"><div class=\"wpb_wrapper\"><p>Si vous avez des questions, souhaitez organiser un \u00e9v\u00e9nement ou n\u00e9cessitez des photos suppl\u00e9mentaires, n&#8217;h\u00e9sitez pas \u00e0 contacter:<\/p>\n<p><strong>Quentin GUIRAUD<\/strong><br \/>\nResponsable de la communication et des relations presse<\/p>\n<p><a href=\"mailto:qguiraud@zannier.com\">qguiraud@zannier.com<\/a><\/p>\n<\/div><\/div><\/div><\/div><\/div><\/div><\/section>\n","protected":false},"excerpt":{"rendered":"Presse Arri\u00e8reBienvenue dans notre Espace Presse. Vous trouverez ci-dessous les derni\u00e8res informations de Nonna Bazaar, notamment nos communiqu\u00e9s de presse et les photos officielles. Derniers communiqu\u00e9s de presseAcc\u00e8s aux photosT\u00e9l\u00e9charger la brochureT\u00e9l\u00e9charger le menuSi vous avez des questions, souhaitez organiser un \u00e9v\u00e9nement ou n\u00e9cessitez des photos suppl\u00e9mentaires, n&#8217;h\u00e9sitez pas \u00e0 contacter: Quentin GUIRAUD Responsable de...","protected":false},"author":1,"featured_media":0,"parent":0,"menu_order":0,"comment_status":"closed","ping_status":"closed","template":"","meta":{"footnotes":""},"class_list":["post-898","page","type-page","status-publish","hentry"],"yoast_head":"<!-- This site is optimized with the Yoast SEO plugin v25.5 - https:\/\/yoast.com\/wordpress\/plugins\/seo\/ -->\n<title>Presse - Nonna Bazaar<\/title>\n<meta name=\"description\" content=\"Download all digital resources and find the latest information about Nonna Bazaar, including our press releases and official pictures.\" \/>\n<meta name=\"robots\" content=\"index, follow, max-snippet:-1, max-image-preview:large, max-video-preview:-1\" \/>\n<link rel=\"canonical\" href=\"https:\/\/nonnabazaar.com\/fr\/presse\/\" \/>\n<meta property=\"og:locale\" content=\"fr_FR\" \/>\n<meta property=\"og:type\" content=\"article\" \/>\n<meta property=\"og:title\" content=\"Presse - Nonna Bazaar\" \/>\n<meta property=\"og:description\" content=\"Download all digital resources and find the latest information about Nonna Bazaar, including our press releases and official pictures.\" \/>\n<meta property=\"og:url\" content=\"https:\/\/nonnabazaar.com\/fr\/presse\/\" \/>\n<meta property=\"og:site_name\" content=\"Nonna Bazaar\" \/>\n<meta property=\"article:modified_time\" content=\"2022-06-22T10:45:55+00:00\" \/>\n<meta name=\"twitter:card\" content=\"summary_large_image\" \/>\n<meta name=\"twitter:label1\" content=\"Dur\u00e9e de lecture estim\u00e9e\" \/>\n\t<meta name=\"twitter:data1\" content=\"1 minute\" \/>\n<script type=\"application\/ld+json\" class=\"yoast-schema-graph\">{\"@context\":\"https:\/\/schema.org\",\"@graph\":[{\"@type\":\"WebPage\",\"@id\":\"https:\/\/nonnabazaar.com\/fr\/presse\/\",\"url\":\"https:\/\/nonnabazaar.com\/fr\/presse\/\",\"name\":\"Presse - Nonna Bazaar\",\"isPartOf\":{\"@id\":\"https:\/\/nonnabazaar.com\/fr\/#website\"},\"datePublished\":\"2022-05-11T14:37:11+00:00\",\"dateModified\":\"2022-06-22T10:45:55+00:00\",\"description\":\"Download all digital resources and find the latest information about Nonna Bazaar, including our press releases and official pictures.\",\"breadcrumb\":{\"@id\":\"https:\/\/nonnabazaar.com\/fr\/presse\/#breadcrumb\"},\"inLanguage\":\"fr-FR\",\"potentialAction\":[{\"@type\":\"ReadAction\",\"target\":[\"https:\/\/nonnabazaar.com\/fr\/presse\/\"]}]},{\"@type\":\"BreadcrumbList\",\"@id\":\"https:\/\/nonnabazaar.com\/fr\/presse\/#breadcrumb\",\"itemListElement\":[{\"@type\":\"ListItem\",\"position\":1,\"name\":\"Home\",\"item\":\"https:\/\/nonnabazaar.com\/fr\/?page_id=886\"},{\"@type\":\"ListItem\",\"position\":2,\"name\":\"Presse\"}]},{\"@type\":\"WebSite\",\"@id\":\"https:\/\/nonnabazaar.com\/fr\/#website\",\"url\":\"https:\/\/nonnabazaar.com\/fr\/\",\"name\":\"Nonna Bazaar\",\"description\":\"Upbeat Mediterranean Restaurant\",\"potentialAction\":[{\"@type\":\"SearchAction\",\"target\":{\"@type\":\"EntryPoint\",\"urlTemplate\":\"https:\/\/nonnabazaar.com\/fr\/?s={search_term_string}\"},\"query-input\":{\"@type\":\"PropertyValueSpecification\",\"valueRequired\":true,\"valueName\":\"search_term_string\"}}],\"inLanguage\":\"fr-FR\"}]}<\/script>\n<!-- \/ Yoast SEO plugin. -->","yoast_head_json":{"title":"Presse - Nonna Bazaar","description":"Download all digital resources and find the latest information about Nonna Bazaar, including our press releases and official pictures.","robots":{"index":"index","follow":"follow","max-snippet":"max-snippet:-1","max-image-preview":"max-image-preview:large","max-video-preview":"max-video-preview:-1"},"canonical":"https:\/\/nonnabazaar.com\/fr\/presse\/","og_locale":"fr_FR","og_type":"article","og_title":"Presse - Nonna Bazaar","og_description":"Download all digital resources and find the latest information about Nonna Bazaar, including our press releases and official pictures.","og_url":"https:\/\/nonnabazaar.com\/fr\/presse\/","og_site_name":"Nonna Bazaar","article_modified_time":"2022-06-22T10:45:55+00:00","twitter_card":"summary_large_image","twitter_misc":{"Dur\u00e9e de lecture estim\u00e9e":"1 minute"},"schema":{"@context":"https:\/\/schema.org","@graph":[{"@type":"WebPage","@id":"https:\/\/nonnabazaar.com\/fr\/presse\/","url":"https:\/\/nonnabazaar.com\/fr\/presse\/","name":"Presse - Nonna Bazaar","isPartOf":{"@id":"https:\/\/nonnabazaar.com\/fr\/#website"},"datePublished":"2022-05-11T14:37:11+00:00","dateModified":"2022-06-22T10:45:55+00:00","description":"Download all digital resources and find the latest information about Nonna Bazaar, including our press releases and official pictures.","breadcrumb":{"@id":"https:\/\/nonnabazaar.com\/fr\/presse\/#breadcrumb"},"inLanguage":"fr-FR","potentialAction":[{"@type":"ReadAction","target":["https:\/\/nonnabazaar.com\/fr\/presse\/"]}]},{"@type":"BreadcrumbList","@id":"https:\/\/nonnabazaar.com\/fr\/presse\/#breadcrumb","itemListElement":[{"@type":"ListItem","position":1,"name":"Home","item":"https:\/\/nonnabazaar.com\/fr\/?page_id=886"},{"@type":"ListItem","position":2,"name":"Presse"}]},{"@type":"WebSite","@id":"https:\/\/nonnabazaar.com\/fr\/#website","url":"https:\/\/nonnabazaar.com\/fr\/","name":"Nonna Bazaar","description":"Upbeat Mediterranean Restaurant","potentialAction":[{"@type":"SearchAction","target":{"@type":"EntryPoint","urlTemplate":"https:\/\/nonnabazaar.com\/fr\/?s={search_term_string}"},"query-input":{"@type":"PropertyValueSpecification","valueRequired":true,"valueName":"search_term_string"}}],"inLanguage":"fr-FR"}]}},"_links":{"self":[{"href":"https:\/\/nonnabazaar.com\/fr\/wp-json\/wp\/v2\/pages\/898","targetHints":{"allow":["GET"]}}],"collection":[{"href":"https:\/\/nonnabazaar.com\/fr\/wp-json\/wp\/v2\/pages"}],"about":[{"href":"https:\/\/nonnabazaar.com\/fr\/wp-json\/wp\/v2\/types\/page"}],"author":[{"embeddable":true,"href":"https:\/\/nonnabazaar.com\/fr\/wp-json\/wp\/v2\/users\/1"}],"replies":[{"embeddable":true,"href":"https:\/\/nonnabazaar.com\/fr\/wp-json\/wp\/v2\/comments?post=898"}],"version-history":[{"count":3,"href":"https:\/\/nonnabazaar.com\/fr\/wp-json\/wp\/v2\/pages\/898\/revisions"}],"predecessor-version":[{"id":994,"href":"https:\/\/nonnabazaar.com\/fr\/wp-json\/wp\/v2\/pages\/898\/revisions\/994"}],"wp:attachment":[{"href":"https:\/\/nonnabazaar.com\/fr\/wp-json\/wp\/v2\/media?parent=898"}],"curies":[{"name":"wp","href":"https:\/\/api.w.org\/{rel}","templated":true}]}}