{"id":938,"date":"2022-05-11T17:53:19","date_gmt":"2022-05-11T15:53:19","guid":{"rendered":"https:\/\/nonnabazaar.com\/food\/"},"modified":"2026-04-17T12:33:30","modified_gmt":"2026-04-17T10:33:30","slug":"menu","status":"publish","type":"page","link":"https:\/\/nonnabazaar.com\/fr\/menu\/","title":{"rendered":"Food Nonna Bazaar FR"},"content":{"rendered":"<section class=\"l-section wpb_row us_custom_c35043b5 height_auto\" id=\"hdMd\"><div class=\"l-section-h i-cf\"><div class=\"g-cols vc_row via_grid cols_1 laptops-cols_inherit tablets-cols_inherit mobiles-cols_1 valign_top type_default stacking_default\"><div class=\"wpb_column vc_column_container\"><div class=\"vc_column-inner\"><div class=\"wpb_text_column\"><div class=\"wpb_wrapper\"><h1 style=\"text-align: center;\">Menu<\/h1>\n<\/div><\/div><div class=\"w-btn-wrapper align_none\"><a class=\"w-btn us-btn-style_1 icon_atleft\" title=\"Home\" href=\"http:\/\/nonnabazaar.com\/fr\"><i class=\"fas fa-arrow-left\"><\/i><span class=\"w-btn-label\">Arri\u00e8re<\/span><\/a><\/div><\/div><\/div><\/div><\/div><\/section><section class=\"l-section wpb_row height_medium\" id=\"ttlMd\"><div class=\"l-section-h i-cf\"><div class=\"g-cols vc_row via_grid cols_1 laptops-cols_inherit tablets-cols_inherit mobiles-cols_1 valign_top type_default stacking_default\"><div class=\"wpb_column vc_column_container\"><div class=\"vc_column-inner\"><div class=\"wpb_text_column\"><div class=\"wpb_wrapper\"><h2 style=\"text-align: center;\">NOS PIZZAS EMBL\u00c9MATIQUES<\/h2>\n<p style=\"text-align: center;\"><em>Une pizza au choix, buffet de salades artisanales \u00e0 volont\u00e9 29 \u20ac<\/em><\/p>\n<\/div><\/div><\/div><\/div><\/div><\/div><\/section><section class=\"l-section wpb_row height_medium\" id=\"foodMd\"><div class=\"l-section-h i-cf\"><div class=\"g-cols vc_row via_grid cols_1 laptops-cols_inherit tablets-cols_inherit mobiles-cols_1 valign_top type_default stacking_default\"><div class=\"wpb_column vc_column_container\"><div class=\"vc_column-inner\"><div class=\"g-cols wpb_row MenuRow via_grid cols_3-1 laptops-cols_inherit tablets-cols_inherit mobiles-cols_1 valign_top type_default stacking_default\"><div class=\"wpb_column vc_column_container foodCol\"><div class=\"vc_column-inner\"><div class=\"wpb_text_column\"><div class=\"wpb_wrapper\"><p><strong>Rouge essentiel<\/strong><br \/>\nTomates San Marzano, parmesan affin\u00e9, huile d&#8217;olive extra vierge, basilic.<\/p>\n<\/div><\/div><\/div><\/div><div class=\"wpb_column vc_column_container priceCol\"><div class=\"vc_column-inner\"><\/div><\/div><\/div><div class=\"g-cols wpb_row MenuRow via_grid cols_3-1 laptops-cols_inherit tablets-cols_inherit mobiles-cols_1 valign_top type_default stacking_default\"><div class=\"wpb_column vc_column_container foodCol\"><div class=\"vc_column-inner\"><div class=\"wpb_text_column\"><div class=\"wpb_wrapper\"><p><strong>Sp\u00e9cial Nonna<\/strong><br \/>\nTomates r\u00f4ties, oignon, olives noires, \u00e9pices marocaines.<\/p>\n<\/div><\/div><\/div><\/div><div class=\"wpb_column vc_column_container priceCol\"><div class=\"vc_column-inner\"><\/div><\/div><\/div><div class=\"g-cols wpb_row MenuRow via_grid cols_3-1 laptops-cols_inherit tablets-cols_inherit mobiles-cols_1 valign_top type_default stacking_default\"><div class=\"wpb_column vc_column_container foodCol\"><div class=\"vc_column-inner\"><div class=\"wpb_text_column\"><div class=\"wpb_wrapper\"><p><strong>Lahmacun<\/strong><br \/>\nViande hach\u00e9e \u00e9pic\u00e9e, oignon, tomate, persil, citron.<\/p>\n<\/div><\/div><\/div><\/div><div class=\"wpb_column vc_column_container priceCol\"><div class=\"vc_column-inner\"><\/div><\/div><\/div><div class=\"g-cols wpb_row MenuRow via_grid cols_3-1 laptops-cols_inherit tablets-cols_inherit mobiles-cols_1 valign_top type_default stacking_default\"><div class=\"wpb_column vc_column_container foodCol\"><div class=\"vc_column-inner\"><div class=\"wpb_text_column\"><div class=\"wpb_wrapper\"><p><strong>Artichaut et Serrano<\/strong><br \/>\nP\u00e2te blanche, artichaut grill\u00e9, jambon Serrano, copeaux de Mah\u00f3n.<\/p>\n<\/div><\/div><\/div><\/div><div class=\"wpb_column vc_column_container priceCol\"><div class=\"vc_column-inner\"><\/div><\/div><\/div><div class=\"g-cols wpb_row MenuRow via_grid cols_3-1 laptops-cols_inherit tablets-cols_inherit mobiles-cols_1 valign_top type_default stacking_default\"><div class=\"wpb_column vc_column_container foodCol\"><div class=\"vc_column-inner\"><div class=\"wpb_text_column\"><div class=\"wpb_wrapper\"><p><strong>Courgette du jardin (V)<\/strong><br \/>\nCourgettes grill\u00e9es, tomates s\u00e9ch\u00e9es, Parmigiano Reggiano,<br \/>\npignons de pin grill\u00e9s.<\/p>\n<\/div><\/div><\/div><\/div><div class=\"wpb_column vc_column_container priceCol\"><div class=\"vc_column-inner\"><\/div><\/div><\/div><div class=\"g-cols wpb_row MenuRow via_grid cols_3-1 laptops-cols_inherit tablets-cols_inherit mobiles-cols_1 valign_top type_default stacking_default\"><div class=\"wpb_column vc_column_container foodCol\"><div class=\"vc_column-inner\"><div class=\"wpb_text_column\"><div class=\"wpb_wrapper\"><p><strong>Mortadelle et burrata<\/strong><br \/>\nP\u00e2te blanche, mortadelle de Bologne, burrata, pistaches concass\u00e9es.<\/p>\n<\/div><\/div><\/div><\/div><div class=\"wpb_column vc_column_container priceCol\"><div class=\"vc_column-inner\"><\/div><\/div><\/div><div class=\"g-cols wpb_row MenuRow via_grid cols_3-1 laptops-cols_inherit tablets-cols_inherit mobiles-cols_1 valign_top type_default stacking_default\"><div class=\"wpb_column vc_column_container foodCol\"><div class=\"vc_column-inner\"><div class=\"wpb_text_column\"><div class=\"wpb_wrapper\"><p><strong>Minorquine<\/strong><br \/>\nSobrassada, fromage Mah\u00f3n, miel local, romarin.<\/p>\n<\/div><\/div><\/div><\/div><div class=\"wpb_column vc_column_container priceCol\"><div class=\"vc_column-inner\"><\/div><\/div><\/div><\/div><\/div><\/div><\/div><\/section><section class=\"l-section wpb_row height_medium\" id=\"ttlMd\"><div class=\"l-section-h i-cf\"><div class=\"g-cols vc_row via_grid cols_1 laptops-cols_inherit tablets-cols_inherit mobiles-cols_1 valign_top type_default stacking_default\"><div class=\"wpb_column vc_column_container\"><div class=\"vc_column-inner\"><div class=\"wpb_text_column\"><div class=\"wpb_wrapper\"><h2 style=\"text-align: center;\">Nos Desserts<\/h2>\n<p style=\"text-align: center;\"><em>8 \u20ac<\/em><\/p>\n<\/div><\/div><\/div><\/div><\/div><\/div><\/section><section class=\"l-section wpb_row height_medium\" id=\"foodMd\"><div class=\"l-section-h i-cf\"><div class=\"g-cols vc_row via_grid cols_1 laptops-cols_inherit tablets-cols_inherit mobiles-cols_1 valign_top type_default stacking_default\"><div class=\"wpb_column vc_column_container\"><div class=\"vc_column-inner\"><div class=\"g-cols wpb_row MenuRow via_grid cols_3-1 laptops-cols_inherit tablets-cols_inherit mobiles-cols_1 valign_top type_default stacking_default\"><div class=\"wpb_column vc_column_container foodCol\"><div class=\"vc_column-inner\"><div class=\"wpb_text_column\"><div class=\"wpb_wrapper\"><p><strong>Tiramisu Classico<\/strong><br \/>\nLa recette familiale pr\u00e9f\u00e9r\u00e9e de Nonna, riche et onctueuse.<\/p>\n<\/div><\/div><\/div><\/div><div class=\"wpb_column vc_column_container priceCol\"><div class=\"vc_column-inner\"><\/div><\/div><\/div><div class=\"g-cols wpb_row MenuRow via_grid cols_3-1 laptops-cols_inherit tablets-cols_inherit mobiles-cols_1 valign_top type_default stacking_default\"><div class=\"wpb_column vc_column_container foodCol\"><div class=\"vc_column-inner\"><div class=\"wpb_text_column\"><div class=\"wpb_wrapper\"><p><strong>Cannolo sicilien<\/strong><br \/>\nUne coque croustillante fourr\u00e9e de ricotta sucr\u00e9e et de p\u00e9pites de chocolat.<\/p>\n<\/div><\/div><\/div><\/div><div class=\"wpb_column vc_column_container priceCol\"><div class=\"vc_column-inner\"><\/div><\/div><\/div><div class=\"g-cols wpb_row MenuRow via_grid cols_3-1 laptops-cols_inherit tablets-cols_inherit mobiles-cols_1 valign_top type_default stacking_default\"><div class=\"wpb_column vc_column_container foodCol\"><div class=\"vc_column-inner\"><div class=\"wpb_text_column\"><div class=\"wpb_wrapper\"><p><strong>Panna cotta \u00e0 la vanille<\/strong><br \/>\nUne cr\u00e8me \u00e0 la vanille onctueuse, napp\u00e9e de miel de fleurs de Minorque ou de fruits frais de saison.<\/p>\n<\/div><\/div><\/div><\/div><div class=\"wpb_column vc_column_container priceCol\"><div class=\"vc_column-inner\"><\/div><\/div><\/div><\/div><\/div><\/div><\/div><\/section><section class=\"l-section wpb_row height_medium\" id=\"btnMd\"><div class=\"l-section-h i-cf\"><div class=\"g-cols vc_row via_grid cols_1 laptops-cols_inherit tablets-cols_inherit mobiles-cols_1 valign_top type_default stacking_default\"><div class=\"wpb_column vc_column_container\"><div class=\"vc_column-inner\"><div class=\"w-btn-wrapper align_center\"><a class=\"w-btn us-btn-style_1 icon_atright\" title=\"Drink\" href=\"https:\/\/nonnabazaar.com\/fr\/menus\/boissons\/\"><span class=\"w-btn-label\">Boissons<\/span><i class=\"fas fa-chevron-right\"><\/i><\/a><\/div><\/div><\/div><\/div><\/div><\/section>\n","protected":false},"excerpt":{"rendered":"Menu Arri\u00e8reNOS PIZZAS EMBL\u00c9MATIQUES Une pizza au choix, buffet de salades artisanales \u00e0 volont\u00e9 29 \u20ac Rouge essentiel Tomates San Marzano, parmesan affin\u00e9, huile d&#8217;olive extra vierge, basilic. Sp\u00e9cial Nonna Tomates r\u00f4ties, oignon, olives noires, \u00e9pices marocaines. Lahmacun Viande hach\u00e9e \u00e9pic\u00e9e, oignon, tomate, persil, citron. Artichaut et Serrano P\u00e2te blanche, artichaut grill\u00e9, jambon Serrano, copeaux...","protected":false},"author":1,"featured_media":0,"parent":0,"menu_order":0,"comment_status":"closed","ping_status":"closed","template":"","meta":{"footnotes":""},"class_list":["post-938","page","type-page","status-publish","hentry"],"yoast_head":"<!-- This site is optimized with the Yoast SEO plugin v25.5 - https:\/\/yoast.com\/wordpress\/plugins\/seo\/ -->\n<title>Food Nonna Bazaar FR - Nonna Bazaar<\/title>\n<meta name=\"description\" content=\"Discover the true taste of Mediterranean dishes in a farm-to-table restaurant that celebrates tradition and slow-life in Menorca.\" \/>\n<meta name=\"robots\" content=\"index, follow, max-snippet:-1, max-image-preview:large, max-video-preview:-1\" \/>\n<link rel=\"canonical\" href=\"https:\/\/nonnabazaar.com\/fr\/menu\/\" \/>\n<meta property=\"og:locale\" content=\"fr_FR\" \/>\n<meta property=\"og:type\" content=\"article\" \/>\n<meta property=\"og:title\" content=\"Food Nonna Bazaar FR - Nonna Bazaar\" \/>\n<meta property=\"og:description\" content=\"Discover the true taste of Mediterranean dishes in a farm-to-table restaurant that celebrates tradition and slow-life in Menorca.\" \/>\n<meta property=\"og:url\" content=\"https:\/\/nonnabazaar.com\/fr\/menu\/\" \/>\n<meta property=\"og:site_name\" content=\"Nonna Bazaar\" \/>\n<meta property=\"article:modified_time\" content=\"2026-04-17T10:33:30+00:00\" \/>\n<meta name=\"twitter:card\" content=\"summary_large_image\" \/>\n<meta name=\"twitter:label1\" content=\"Dur\u00e9e de lecture estim\u00e9e\" \/>\n\t<meta name=\"twitter:data1\" content=\"7 minutes\" \/>\n<script type=\"application\/ld+json\" class=\"yoast-schema-graph\">{\"@context\":\"https:\/\/schema.org\",\"@graph\":[{\"@type\":\"WebPage\",\"@id\":\"https:\/\/nonnabazaar.com\/fr\/menu\/\",\"url\":\"https:\/\/nonnabazaar.com\/fr\/menu\/\",\"name\":\"Food Nonna Bazaar FR - Nonna Bazaar\",\"isPartOf\":{\"@id\":\"https:\/\/nonnabazaar.com\/fr\/#website\"},\"datePublished\":\"2022-05-11T15:53:19+00:00\",\"dateModified\":\"2026-04-17T10:33:30+00:00\",\"description\":\"Discover the true taste of Mediterranean dishes in a farm-to-table restaurant that celebrates tradition and slow-life in Menorca.\",\"breadcrumb\":{\"@id\":\"https:\/\/nonnabazaar.com\/fr\/menu\/#breadcrumb\"},\"inLanguage\":\"fr-FR\",\"potentialAction\":[{\"@type\":\"ReadAction\",\"target\":[\"https:\/\/nonnabazaar.com\/fr\/menu\/\"]}]},{\"@type\":\"BreadcrumbList\",\"@id\":\"https:\/\/nonnabazaar.com\/fr\/menu\/#breadcrumb\",\"itemListElement\":[{\"@type\":\"ListItem\",\"position\":1,\"name\":\"Home\",\"item\":\"https:\/\/nonnabazaar.com\/fr\/?page_id=886\"},{\"@type\":\"ListItem\",\"position\":2,\"name\":\"Food Nonna Bazaar FR\"}]},{\"@type\":\"WebSite\",\"@id\":\"https:\/\/nonnabazaar.com\/fr\/#website\",\"url\":\"https:\/\/nonnabazaar.com\/fr\/\",\"name\":\"Nonna Bazaar\",\"description\":\"Upbeat Mediterranean Restaurant\",\"potentialAction\":[{\"@type\":\"SearchAction\",\"target\":{\"@type\":\"EntryPoint\",\"urlTemplate\":\"https:\/\/nonnabazaar.com\/fr\/?s={search_term_string}\"},\"query-input\":{\"@type\":\"PropertyValueSpecification\",\"valueRequired\":true,\"valueName\":\"search_term_string\"}}],\"inLanguage\":\"fr-FR\"}]}<\/script>\n<!-- \/ Yoast SEO plugin. -->","yoast_head_json":{"title":"Food Nonna Bazaar FR - Nonna Bazaar","description":"Discover the true taste of Mediterranean dishes in a farm-to-table restaurant that celebrates tradition and slow-life in Menorca.","robots":{"index":"index","follow":"follow","max-snippet":"max-snippet:-1","max-image-preview":"max-image-preview:large","max-video-preview":"max-video-preview:-1"},"canonical":"https:\/\/nonnabazaar.com\/fr\/menu\/","og_locale":"fr_FR","og_type":"article","og_title":"Food Nonna Bazaar FR - Nonna Bazaar","og_description":"Discover the true taste of Mediterranean dishes in a farm-to-table restaurant that celebrates tradition and slow-life in Menorca.","og_url":"https:\/\/nonnabazaar.com\/fr\/menu\/","og_site_name":"Nonna Bazaar","article_modified_time":"2026-04-17T10:33:30+00:00","twitter_card":"summary_large_image","twitter_misc":{"Dur\u00e9e de lecture estim\u00e9e":"7 minutes"},"schema":{"@context":"https:\/\/schema.org","@graph":[{"@type":"WebPage","@id":"https:\/\/nonnabazaar.com\/fr\/menu\/","url":"https:\/\/nonnabazaar.com\/fr\/menu\/","name":"Food Nonna Bazaar FR - Nonna Bazaar","isPartOf":{"@id":"https:\/\/nonnabazaar.com\/fr\/#website"},"datePublished":"2022-05-11T15:53:19+00:00","dateModified":"2026-04-17T10:33:30+00:00","description":"Discover the true taste of Mediterranean dishes in a farm-to-table restaurant that celebrates tradition and slow-life in Menorca.","breadcrumb":{"@id":"https:\/\/nonnabazaar.com\/fr\/menu\/#breadcrumb"},"inLanguage":"fr-FR","potentialAction":[{"@type":"ReadAction","target":["https:\/\/nonnabazaar.com\/fr\/menu\/"]}]},{"@type":"BreadcrumbList","@id":"https:\/\/nonnabazaar.com\/fr\/menu\/#breadcrumb","itemListElement":[{"@type":"ListItem","position":1,"name":"Home","item":"https:\/\/nonnabazaar.com\/fr\/?page_id=886"},{"@type":"ListItem","position":2,"name":"Food Nonna Bazaar FR"}]},{"@type":"WebSite","@id":"https:\/\/nonnabazaar.com\/fr\/#website","url":"https:\/\/nonnabazaar.com\/fr\/","name":"Nonna Bazaar","description":"Upbeat Mediterranean Restaurant","potentialAction":[{"@type":"SearchAction","target":{"@type":"EntryPoint","urlTemplate":"https:\/\/nonnabazaar.com\/fr\/?s={search_term_string}"},"query-input":{"@type":"PropertyValueSpecification","valueRequired":true,"valueName":"search_term_string"}}],"inLanguage":"fr-FR"}]}},"_links":{"self":[{"href":"https:\/\/nonnabazaar.com\/fr\/wp-json\/wp\/v2\/pages\/938","targetHints":{"allow":["GET"]}}],"collection":[{"href":"https:\/\/nonnabazaar.com\/fr\/wp-json\/wp\/v2\/pages"}],"about":[{"href":"https:\/\/nonnabazaar.com\/fr\/wp-json\/wp\/v2\/types\/page"}],"author":[{"embeddable":true,"href":"https:\/\/nonnabazaar.com\/fr\/wp-json\/wp\/v2\/users\/1"}],"replies":[{"embeddable":true,"href":"https:\/\/nonnabazaar.com\/fr\/wp-json\/wp\/v2\/comments?post=938"}],"version-history":[{"count":48,"href":"https:\/\/nonnabazaar.com\/fr\/wp-json\/wp\/v2\/pages\/938\/revisions"}],"predecessor-version":[{"id":3244,"href":"https:\/\/nonnabazaar.com\/fr\/wp-json\/wp\/v2\/pages\/938\/revisions\/3244"}],"wp:attachment":[{"href":"https:\/\/nonnabazaar.com\/fr\/wp-json\/wp\/v2\/media?parent=938"}],"curies":[{"name":"wp","href":"https:\/\/api.w.org\/{rel}","templated":true}]}}